{"id":132,"date":"2026-03-04T13:05:52","date_gmt":"2026-03-04T18:05:52","guid":{"rendered":"https:\/\/decc.space\/?page_id=132"},"modified":"2026-03-06T09:12:37","modified_gmt":"2026-03-06T14:12:37","slug":"nosotros","status":"publish","type":"page","link":"https:\/\/ecuapork.com.ec\/?page_id=132","title":{"rendered":"Nosotros"},"content":{"rendered":"\t\t<div data-elementor-type=\"wp-page\" data-elementor-id=\"132\" class=\"elementor elementor-132\" data-elementor-post-type=\"page\">\n\t\t\t\t<div class=\"elementor-element elementor-element-31606ef e-flex e-con-boxed e-con e-parent\" data-id=\"31606ef\" data-element_type=\"container\" data-e-type=\"container\" data-settings=\"{&quot;background_background&quot;:&quot;classic&quot;}\">\n\t\t\t\t\t<div class=\"e-con-inner\">\n\t\t\t\t\t<\/div>\n\t\t\t\t<\/div>\n\t\t<div class=\"elementor-element elementor-element-13852f5 e-flex e-con-boxed e-con e-parent\" data-id=\"13852f5\" data-element_type=\"container\" data-e-type=\"container\">\n\t\t\t\t\t<div class=\"e-con-inner\">\n\t\t<div class=\"elementor-element elementor-element-1344c8f e-con-full e-flex e-con e-child\" data-id=\"1344c8f\" data-element_type=\"container\" data-e-type=\"container\">\n\t\t\t\t<div class=\"elementor-element elementor-element-c912dab elementor-invisible elementor-widget elementor-widget-heading\" data-id=\"c912dab\" data-element_type=\"widget\" data-e-type=\"widget\" data-settings=\"{&quot;_animation&quot;:&quot;fadeInUp&quot;}\" data-widget_type=\"heading.default\">\n\t\t\t\t\t<h4 class=\"elementor-heading-title elementor-size-default\">NUESTRO<\/h4>\t\t\t\t<\/div>\n\t\t\t\t<\/div>\n\t\t<div class=\"elementor-element elementor-element-e36998f e-con-full e-flex e-con e-child\" data-id=\"e36998f\" data-element_type=\"container\" data-e-type=\"container\">\n\t\t\t\t<div class=\"elementor-element elementor-element-51187ed elementor-invisible elementor-widget elementor-widget-heading\" data-id=\"51187ed\" data-element_type=\"widget\" data-e-type=\"widget\" data-settings=\"{&quot;_animation&quot;:&quot;fadeInUp&quot;}\" data-widget_type=\"heading.default\">\n\t\t\t\t\t<h4 class=\"elementor-heading-title elementor-size-default\">PROP\u00d3SITO<\/h4>\t\t\t\t<\/div>\n\t\t\t\t<\/div>\n\t\t<div class=\"elementor-element elementor-element-9b9c9ba e-con-full e-flex e-con e-child\" data-id=\"9b9c9ba\" data-element_type=\"container\" data-e-type=\"container\">\n\t\t\t\t<div class=\"elementor-element elementor-element-9f86827 elementor-invisible elementor-widget elementor-widget-heading\" data-id=\"9f86827\" data-element_type=\"widget\" data-e-type=\"widget\" data-settings=\"{&quot;_animation&quot;:&quot;fadeInUp&quot;}\" data-widget_type=\"heading.default\">\n\t\t\t\t\t<h4 class=\"elementor-heading-title elementor-size-default\">En Ecuapork, nos dedicamos a la crianza y producci\u00f3n de carne de cerdo, con un enfoque en el bienestar animal y un crecimiento sostenible desde 2015.<\/h4>\t\t\t\t<\/div>\n\t\t\t\t<\/div>\n\t\t\t\t\t<\/div>\n\t\t\t\t<\/div>\n\t\t<div class=\"elementor-element elementor-element-50eaa22 e-flex e-con-boxed e-con e-parent\" data-id=\"50eaa22\" data-element_type=\"container\" data-e-type=\"container\">\n\t\t\t\t\t<div class=\"e-con-inner\">\n\t\t<div class=\"elementor-element elementor-element-9763af4 e-con-full e-flex e-con e-child\" data-id=\"9763af4\" data-element_type=\"container\" data-e-type=\"container\">\n\t\t\t\t<div class=\"elementor-element elementor-element-18bff7a elementor-invisible elementor-widget elementor-widget-heading\" data-id=\"18bff7a\" data-element_type=\"widget\" data-e-type=\"widget\" data-settings=\"{&quot;_animation&quot;:&quot;fadeInUp&quot;}\" data-widget_type=\"heading.default\">\n\t\t\t\t\t<h4 class=\"elementor-heading-title elementor-size-default\">Garantizar una producci\u00f3n porcina de alta calidad, de manera sostenible y rentable, cuidando cada etapa del proceso. <\/h4>\t\t\t\t<\/div>\n\t\t\t\t<\/div>\n\t\t<div class=\"elementor-element elementor-element-c95b075 e-con-full e-flex elementor-invisible e-con e-child\" data-id=\"c95b075\" data-element_type=\"container\" data-e-type=\"container\" data-settings=\"{&quot;animation&quot;:&quot;fadeInUp&quot;}\">\n\t\t\t\t<div class=\"elementor-element elementor-element-d92b257 elementor-widget elementor-widget-heading\" data-id=\"d92b257\" data-element_type=\"widget\" data-e-type=\"widget\" data-widget_type=\"heading.default\">\n\t\t\t\t\t<h4 class=\"elementor-heading-title elementor-size-default\">Ser reconocidos como l\u00edderes en producci\u00f3n porcina eficiente en la regi\u00f3n, impulsando el desarrollo sostenible y responsable del sector. <\/h4>\t\t\t\t<\/div>\n\t\t\t\t<div class=\"elementor-element elementor-element-2639725 elementor-widget elementor-widget-image\" data-id=\"2639725\" data-element_type=\"widget\" data-e-type=\"widget\" data-widget_type=\"image.default\">\n\t\t\t\t\t\t\t\t\t\t\t\t\t\t\t<img fetchpriority=\"high\" decoding=\"async\" width=\"783\" height=\"1024\" src=\"https:\/\/ecuapork.com.ec\/wp-content\/uploads\/2026\/03\/afiche-misian-a1-ecuapork-03-xORn0rY31N1ZAgl3-783x1024.png\" class=\"attachment-large size-large wp-image-506\" alt=\"\" srcset=\"https:\/\/ecuapork.com.ec\/wp-content\/uploads\/2026\/03\/afiche-misian-a1-ecuapork-03-xORn0rY31N1ZAgl3-783x1024.png 783w, https:\/\/ecuapork.com.ec\/wp-content\/uploads\/2026\/03\/afiche-misian-a1-ecuapork-03-xORn0rY31N1ZAgl3-229x300.png 229w, https:\/\/ecuapork.com.ec\/wp-content\/uploads\/2026\/03\/afiche-misian-a1-ecuapork-03-xORn0rY31N1ZAgl3-768x1004.png 768w, https:\/\/ecuapork.com.ec\/wp-content\/uploads\/2026\/03\/afiche-misian-a1-ecuapork-03-xORn0rY31N1ZAgl3-1175x1536.png 1175w, https:\/\/ecuapork.com.ec\/wp-content\/uploads\/2026\/03\/afiche-misian-a1-ecuapork-03-xORn0rY31N1ZAgl3.png 1440w\" sizes=\"(max-width: 783px) 100vw, 783px\" \/>\t\t\t\t\t\t\t\t\t\t\t\t\t\t\t<\/div>\n\t\t\t\t<\/div>\n\t\t<div class=\"elementor-element elementor-element-e345e5c e-con-full e-flex e-con e-child\" data-id=\"e345e5c\" data-element_type=\"container\" data-e-type=\"container\">\n\t\t<div class=\"elementor-element elementor-element-7852596 e-con-full e-flex e-con e-child\" data-id=\"7852596\" data-element_type=\"container\" data-e-type=\"container\">\n\t\t\t\t<div class=\"elementor-element elementor-element-8c1da0f elementor-invisible elementor-widget elementor-widget-heading\" data-id=\"8c1da0f\" data-element_type=\"widget\" data-e-type=\"widget\" data-settings=\"{&quot;_animation&quot;:&quot;fadeInUp&quot;}\" data-widget_type=\"heading.default\">\n\t\t\t\t\t<h4 class=\"elementor-heading-title elementor-size-default\">NUESTROS<\/h4>\t\t\t\t<\/div>\n\t\t\t\t<\/div>\n\t\t<div class=\"elementor-element elementor-element-912b5ad e-con-full e-flex e-con e-child\" data-id=\"912b5ad\" data-element_type=\"container\" data-e-type=\"container\">\n\t\t\t\t<div class=\"elementor-element elementor-element-2ac5b8a elementor-invisible elementor-widget elementor-widget-heading\" data-id=\"2ac5b8a\" data-element_type=\"widget\" data-e-type=\"widget\" data-settings=\"{&quot;_animation&quot;:&quot;fadeInUp&quot;}\" data-widget_type=\"heading.default\">\n\t\t\t\t\t<h4 class=\"elementor-heading-title elementor-size-default\">VALORES<\/h4>\t\t\t\t<\/div>\n\t\t\t\t<\/div>\n\t\t\t\t<\/div>\n\t\t<div class=\"elementor-element elementor-element-07f5e07 e-con-full e-flex elementor-invisible e-con e-child\" data-id=\"07f5e07\" data-element_type=\"container\" data-e-type=\"container\" data-settings=\"{&quot;animation&quot;:&quot;fadeInUp&quot;}\">\n\t\t\t\t<div class=\"elementor-element elementor-element-c00b0b0 elementor-widget elementor-widget-image\" data-id=\"c00b0b0\" data-element_type=\"widget\" data-e-type=\"widget\" data-widget_type=\"image.default\">\n\t\t\t\t\t\t\t\t\t\t\t\t\t\t\t<img decoding=\"async\" width=\"663\" height=\"604\" src=\"https:\/\/ecuapork.com.ec\/wp-content\/uploads\/2026\/03\/afiche.png\" class=\"attachment-large size-large wp-image-508\" alt=\"\" srcset=\"https:\/\/ecuapork.com.ec\/wp-content\/uploads\/2026\/03\/afiche.png 663w, https:\/\/ecuapork.com.ec\/wp-content\/uploads\/2026\/03\/afiche-300x273.png 300w\" sizes=\"(max-width: 663px) 100vw, 663px\" \/>\t\t\t\t\t\t\t\t\t\t\t\t\t\t\t<\/div>\n\t\t\t\t<\/div>\n\t\t\t\t\t<\/div>\n\t\t\t\t<\/div>\n\t\t<div class=\"elementor-element elementor-element-4db91da e-flex e-con-boxed e-con e-parent\" data-id=\"4db91da\" data-element_type=\"container\" data-e-type=\"container\">\n\t\t\t\t\t<div class=\"e-con-inner\">\n\t\t<div class=\"elementor-element elementor-element-4e44ef7 e-con-full e-flex e-con e-child\" data-id=\"4e44ef7\" data-element_type=\"container\" data-e-type=\"container\">\n\t\t\t\t<div class=\"elementor-element elementor-element-db1afa9 elementor-invisible elementor-widget elementor-widget-heading\" data-id=\"db1afa9\" data-element_type=\"widget\" data-e-type=\"widget\" data-settings=\"{&quot;_animation&quot;:&quot;fadeInUp&quot;}\" data-widget_type=\"heading.default\">\n\t\t\t\t\t<h2 class=\"elementor-heading-title elementor-size-default\">CERTIFICACIONES<\/h2>\t\t\t\t<\/div>\n\t\t\t\t<\/div>\n\t\t<div class=\"elementor-element elementor-element-32e63b5 e-con-full e-flex elementor-invisible e-con e-child\" data-id=\"32e63b5\" data-element_type=\"container\" data-e-type=\"container\" data-settings=\"{&quot;animation&quot;:&quot;fadeInUp&quot;}\">\n\t\t\t\t<div class=\"elementor-element elementor-element-bfe92fc elementor-widget elementor-widget-text-editor\" data-id=\"bfe92fc\" data-element_type=\"widget\" data-e-type=\"widget\" data-widget_type=\"text-editor.default\">\n\t\t\t\t\t\t\t\t\t<h5>Respaldan nuestro compromiso la certificaci\u00f3n internacional Welfair Latam, que garantiza el bienestar animal en granjas, espacios de crecimiento y matadero, as\u00ed como la certificaci\u00f3n de nuestra planta por parte de Agrocalidad (MABIO Nacional) y las Buenas Pr\u00e1cticas Porc\u00edcolas de nuestras granjas (BPP Agrocalidad).<\/h5>\t\t\t\t\t\t\t\t<\/div>\n\t\t\t\t<\/div>\n\t\t<div class=\"elementor-element elementor-element-ecf394a e-con-full e-flex e-con e-child\" data-id=\"ecf394a\" data-element_type=\"container\" data-e-type=\"container\">\n\t\t\t\t<div class=\"elementor-element elementor-element-630f8f6 elementor-invisible elementor-widget elementor-widget-image\" data-id=\"630f8f6\" data-element_type=\"widget\" data-e-type=\"widget\" data-settings=\"{&quot;_animation&quot;:&quot;fadeInUp&quot;}\" data-widget_type=\"image.default\">\n\t\t\t\t\t\t\t\t\t\t\t\t\t\t\t<img decoding=\"async\" width=\"259\" height=\"195\" src=\"https:\/\/ecuapork.com.ec\/wp-content\/uploads\/2026\/03\/mabio-7t6f1GziF9iZYn03.png\" class=\"attachment-large size-large wp-image-515\" alt=\"\" \/>\t\t\t\t\t\t\t\t\t\t\t\t\t\t\t<\/div>\n\t\t\t\t<\/div>\n\t\t<div class=\"elementor-element elementor-element-29b550e e-con-full e-flex e-con e-child\" data-id=\"29b550e\" data-element_type=\"container\" data-e-type=\"container\">\n\t\t\t\t<div class=\"elementor-element elementor-element-137c17a elementor-invisible elementor-widget elementor-widget-image\" data-id=\"137c17a\" data-element_type=\"widget\" data-e-type=\"widget\" data-settings=\"{&quot;_animation&quot;:&quot;fadeInUp&quot;}\" data-widget_type=\"image.default\">\n\t\t\t\t\t\t\t\t\t\t\t\t\t\t\t<img loading=\"lazy\" decoding=\"async\" width=\"259\" height=\"195\" src=\"https:\/\/ecuapork.com.ec\/wp-content\/uploads\/2026\/03\/logotype-welfair-es-vertical-green-FxHHTp3m6MyKLY9-1.png\" class=\"attachment-large size-large wp-image-518\" alt=\"\" \/>\t\t\t\t\t\t\t\t\t\t\t\t\t\t\t<\/div>\n\t\t\t\t<\/div>\n\t\t\t\t\t<\/div>\n\t\t\t\t<\/div>\n\t\t<div class=\"elementor-element elementor-element-e61360d e-flex e-con-boxed e-con e-parent\" data-id=\"e61360d\" data-element_type=\"container\" data-e-type=\"container\">\n\t\t\t\t\t<div class=\"e-con-inner\">\n\t\t\t\t\t<\/div>\n\t\t\t\t<\/div>\n\t\t\t\t<\/div>\n\t\t","protected":false},"excerpt":{"rendered":"<p>NUESTRO PROP\u00d3SITO En Ecuapork, nos dedicamos a la crianza y producci\u00f3n de carne de cerdo, con un enfoque en el bienestar animal y un crecimiento [&hellip;]<\/p>\n","protected":false},"author":1,"featured_media":0,"parent":0,"menu_order":0,"comment_status":"closed","ping_status":"closed","template":"page-contactanos.php","meta":{"inline_featured_image":false,"footnotes":""},"class_list":["post-132","page","type-page","status-publish","hentry"],"_links":{"self":[{"href":"https:\/\/ecuapork.com.ec\/index.php?rest_route=\/wp\/v2\/pages\/132","targetHints":{"allow":["GET"]}}],"collection":[{"href":"https:\/\/ecuapork.com.ec\/index.php?rest_route=\/wp\/v2\/pages"}],"about":[{"href":"https:\/\/ecuapork.com.ec\/index.php?rest_route=\/wp\/v2\/types\/page"}],"author":[{"embeddable":true,"href":"https:\/\/ecuapork.com.ec\/index.php?rest_route=\/wp\/v2\/users\/1"}],"replies":[{"embeddable":true,"href":"https:\/\/ecuapork.com.ec\/index.php?rest_route=%2Fwp%2Fv2%2Fcomments&post=132"}],"version-history":[{"count":22,"href":"https:\/\/ecuapork.com.ec\/index.php?rest_route=\/wp\/v2\/pages\/132\/revisions"}],"predecessor-version":[{"id":524,"href":"https:\/\/ecuapork.com.ec\/index.php?rest_route=\/wp\/v2\/pages\/132\/revisions\/524"}],"wp:attachment":[{"href":"https:\/\/ecuapork.com.ec\/index.php?rest_route=%2Fwp%2Fv2%2Fmedia&parent=132"}],"curies":[{"name":"wp","href":"https:\/\/api.w.org\/{rel}","templated":true}]}}